{"id":4359,"date":"2020-10-19T11:44:38","date_gmt":"2020-10-19T09:44:38","guid":{"rendered":"https:\/\/eu.unitedorthopedic.com\/?page_id=4359"},"modified":"2025-12-12T17:28:26","modified_gmt":"2025-12-12T16:28:26","slug":"veranstaltungen","status":"publish","type":"page","link":"https:\/\/eu.unitedorthopedic.com\/de\/veranstaltungen\/","title":{"rendered":"Veranstaltungen"},"content":{"rendered":"\n<style type=\"text\/css\" data-created_by=\"avia_inline_auto\" id=\"style-css-av-1gfhsx-8299f8c45b09da1589e944894952fbb3\">\n.avia-section.av-1gfhsx-8299f8c45b09da1589e944894952fbb3{\nbackground-repeat:no-repeat;\nbackground-image:url(https:\/\/eu.unitedorthopedic.com\/wp\/wp-content\/uploads\/2020\/08\/header-events.jpg);\nbackground-position:100% 50%;\nbackground-attachment:scroll;\n}\n<\/style>\n<div id='av_section_1'  class='avia-section av-1gfhsx-8299f8c45b09da1589e944894952fbb3 main_color avia-section-huge avia-no-border-styling  avia-builder-el-0  el_before_av_layout_row  avia-builder-el-first  avia-full-stretch avia-bg-style-scroll av-minimum-height av-minimum-height-custom av-height-custom  container_wrap sidebar_right'  data-section-bg-repeat='stretch' data-av_minimum_height_px='350'><div class='container av-section-cont-open' style='height:350px'><main  role=\"main\" itemprop=\"mainContentOfPage\"  class='template-page content  av-content-small alpha units'><div class='post-entry post-entry-type-page post-entry-4359'><div class='entry-content-wrapper clearfix'>\n<\/div><\/div><\/main><!-- close content main element --><\/div><\/div><div id='av-layout-grid-1'  class='av-layout-grid-container av-3znmz6-f261ea6a19a67a36367cd24bf4acbbb7 entry-content-wrapper main_color av-fixed-cells  avia-builder-el-1  el_after_av_section  el_before_av_section  grid-row-not-first  container_wrap sidebar_right'  >\n\n<style type=\"text\/css\" data-created_by=\"avia_inline_auto\" id=\"style-css-av-3tm3yi-9b0430ce045adf568dddec048481942f\">\n.flex_cell.av-3tm3yi-9b0430ce045adf568dddec048481942f{\nvertical-align:top;\nbackground-color:#4cac87;\n}\n.responsive #top #wrap_all .flex_cell.av-3tm3yi-9b0430ce045adf568dddec048481942f{\npadding:9px 0px 0px 0px !important;\n}\n<\/style>\n<div class='flex_cell av-3tm3yi-9b0430ce045adf568dddec048481942f av-gridrow-cell av_one_half no_margin  avia-builder-el-2  el_before_av_cell_one_half  avia-builder-el-first '  ><div class='flex_cell_inner'><\/div><\/div>\n<style type=\"text\/css\" data-created_by=\"avia_inline_auto\" id=\"style-css-av-3oe4ze-c36e32db91ec04b5ea8480ac2f1b40c3\">\n.flex_cell.av-3oe4ze-c36e32db91ec04b5ea8480ac2f1b40c3{\nvertical-align:top;\nbackground-color:#4cac87;\n}\n.responsive #top #wrap_all .flex_cell.av-3oe4ze-c36e32db91ec04b5ea8480ac2f1b40c3{\npadding:9px 0px 0px 0px !important;\n}\n<\/style>\n<div class='flex_cell av-3oe4ze-c36e32db91ec04b5ea8480ac2f1b40c3 av-gridrow-cell av_one_half no_margin  avia-builder-el-3  el_after_av_cell_one_half  avia-builder-el-last '  ><div class='flex_cell_inner'><\/div><\/div>\n<\/div>\n<div id='infos'  class='avia-section av-3l6hei-da0a4d0bf52f4149f8b5f247218db456 main_color avia-section-huge avia-no-border-styling  avia-builder-el-4  el_after_av_layout_row  avia-builder-el-last  avia-bg-style-scroll container_wrap sidebar_right'  ><div class='container av-section-cont-open' ><div class='template-page content  av-content-small alpha units'><div class='post-entry post-entry-type-page post-entry-4359'><div class='entry-content-wrapper clearfix'>\n<div class='flex_column_table av-3c2jui-54b9c4671cac7673474f072bcf9b0eba sc-av_one_third av-break-at-tablet-flextable av-equal-height-column-flextable'>\n<style type=\"text\/css\" data-created_by=\"avia_inline_auto\" id=\"style-css-av-3c2jui-54b9c4671cac7673474f072bcf9b0eba\">\n#top .flex_column_table.av-equal-height-column-flextable.av-3c2jui-54b9c4671cac7673474f072bcf9b0eba{\nmargin-top:-200px;\nmargin-bottom:50px;\n}\n.flex_column.av-3c2jui-54b9c4671cac7673474f072bcf9b0eba{\nborder-radius:0px 0px 0px 0px;\npadding:40px 40px 40px 40px;\n}\n<\/style>\n<div  class='flex_column av-3c2jui-54b9c4671cac7673474f072bcf9b0eba av_one_third  avia-builder-el-5  el_before_av_one_third  avia-builder-el-first  first no_margin av-break-at-tablet flex_column_table_cell av-equal-height-column av-align-top  '     ><\/div>\n<style type=\"text\/css\" data-created_by=\"avia_inline_auto\" id=\"style-css-av-36owea-c14325fedf5e4e208e1ac7af8d96b84d\">\n#top .flex_column_table.av-equal-height-column-flextable.av-36owea-c14325fedf5e4e208e1ac7af8d96b84d{\nmargin-top:-200px;\nmargin-bottom:50px;\n}\n.flex_column.av-36owea-c14325fedf5e4e208e1ac7af8d96b84d{\nborder-width:9px;\nborder-color:#4CAC87;\nborder-style:solid;\nborder-radius:0px 0px 0px 0px;\npadding:40px 40px 40px 40px;\nbackground-color:#535559;\n}\n<\/style>\n<div  class='flex_column av-36owea-c14325fedf5e4e208e1ac7af8d96b84d av_one_third  avia-builder-el-6  el_after_av_one_third  el_before_av_one_third  no_margin av-break-at-tablet flex_column_table_cell av-equal-height-column av-align-top  '     ><p>\n<style type=\"text\/css\" data-created_by=\"avia_inline_auto\" id=\"style-css-av-31ak96-b8a09e60475581a8e646b036e0189e54\">\n.av_font_icon.av-31ak96-b8a09e60475581a8e646b036e0189e54{\ncolor:#ffffff;\nborder-color:#ffffff;\n}\n.av_font_icon.av-31ak96-b8a09e60475581a8e646b036e0189e54 .av-icon-char{\nfont-size:60px;\nline-height:60px;\n}\n<\/style>\n<span  class='av_font_icon av-31ak96-b8a09e60475581a8e646b036e0189e54 avia_animate_when_visible av-icon-style- avia-icon-pos-center avia-icon-animate'><span class='av-icon-char' aria-hidden='true' data-av_icon='' data-av_iconfont='uoc-font' ><\/span><\/span><br \/>\n\n<style type=\"text\/css\" data-created_by=\"avia_inline_auto\" id=\"style-css-av-kggcrubs-614ab2d749620ca7077f98338465c469\">\n#top .av-special-heading.av-kggcrubs-614ab2d749620ca7077f98338465c469{\nmargin:20px 0 0 0;\npadding-bottom:10px;\ncolor:#4CAC87;\nfont-size:30px;\n}\nbody .av-special-heading.av-kggcrubs-614ab2d749620ca7077f98338465c469 .av-special-heading-tag .heading-char{\nfont-size:25px;\n}\n#top #wrap_all .av-special-heading.av-kggcrubs-614ab2d749620ca7077f98338465c469 .av-special-heading-tag{\nfont-size:30px;\n}\n.av-special-heading.av-kggcrubs-614ab2d749620ca7077f98338465c469 .special-heading-inner-border{\nborder-color:#4CAC87;\n}\n.av-special-heading.av-kggcrubs-614ab2d749620ca7077f98338465c469 .av-subheading{\nfont-size:20px;\n}\n\n@media only screen and (min-width: 480px) and (max-width: 767px){ \n#top #wrap_all .av-special-heading.av-kggcrubs-614ab2d749620ca7077f98338465c469 .av-special-heading-tag{\nfont-size:0.8em;\n}\n}\n\n@media only screen and (max-width: 479px){ \n#top #wrap_all .av-special-heading.av-kggcrubs-614ab2d749620ca7077f98338465c469 .av-special-heading-tag{\nfont-size:0.8em;\n}\n}\n<\/style>\n<div  class='av-special-heading av-kggcrubs-614ab2d749620ca7077f98338465c469 av-special-heading-h1 custom-color-heading blockquote modern-quote modern-centered  avia-builder-el-8  el_after_av_font_icon  avia-builder-el-last  av-inherit-size av-linked-heading'><h1 class='av-special-heading-tag'  itemprop=\"headline\"  >zuk\u00fcnftige Ereignisse<\/h1><div class=\"special-heading-border\"><div class=\"special-heading-inner-border\"><\/div><\/div><\/div><\/p><\/div>\n<style type=\"text\/css\" data-created_by=\"avia_inline_auto\" id=\"style-css-av-2dptgy-9e88d814e0959b2a5c5bfcf9ed385c94\">\n#top .flex_column_table.av-equal-height-column-flextable.av-2dptgy-9e88d814e0959b2a5c5bfcf9ed385c94{\nmargin-top:-200px;\nmargin-bottom:50px;\n}\n.flex_column.av-2dptgy-9e88d814e0959b2a5c5bfcf9ed385c94{\nborder-radius:0px 0px 0px 0px;\npadding:40px 40px 40px 40px;\n}\n<\/style>\n<div  class='flex_column av-2dptgy-9e88d814e0959b2a5c5bfcf9ed385c94 av_one_third  avia-builder-el-9  el_after_av_one_third  el_before_av_one_full  no_margin av-break-at-tablet flex_column_table_cell av-equal-height-column av-align-top  '     ><\/div><\/div><!--close column table wrapper. Autoclose: 1 -->\n<style type=\"text\/css\" data-created_by=\"avia_inline_auto\" id=\"style-css-av-kcn7yhvx-4eed8391633cd8cc04a8df0da6ae8c9b\">\n#top .flex_column.av-kcn7yhvx-4eed8391633cd8cc04a8df0da6ae8c9b{\nmargin-top:-300px;\nmargin-bottom:0px;\n}\n.flex_column.av-kcn7yhvx-4eed8391633cd8cc04a8df0da6ae8c9b{\nborder-radius:0px 0px 0px 0px;\npadding:300px 0px 0px 0px;\n}\n.responsive #top #wrap_all .flex_column.av-kcn7yhvx-4eed8391633cd8cc04a8df0da6ae8c9b{\nmargin-top:-300px;\nmargin-bottom:0px;\n}\n<\/style>\n<div  class='flex_column av-kcn7yhvx-4eed8391633cd8cc04a8df0da6ae8c9b av_one_full  avia-builder-el-10  el_after_av_one_third  avia-builder-el-last  first flex_column_div  column-top-margin'     ><div class='avia-data-table-wrap av-av_table-0f085471577994bbc189a81f602e0db3 avia_responsive_table avia-table-1'><table  class='avia-table avia-data-table avia_pricing_minimal  avia-builder-el-11  avia-builder-el-no-sibling  trs-table'  itemscope=\"itemscope\" itemtype=\"https:\/\/schema.org\/Table\" ><tbody><tr class='avia-heading-row'><th class=''>Datum<\/th><th class=''>Veranstaltungsname<\/th><th class=''>Ort<\/th><th class=''>Webseite<\/th><\/tr><tr class=''><td class=''>29.01.2026 &#8211; 30.01.2026<\/td><td class=''>Revision Knee Meeting <\/td><td class=''>Antwerpen<\/td><td class=''><a href=\"https:\/\/revisionkneemeeting.com\/\" target=\"_blank\" rel=\"noopener\">revisionkneemeeting.com<\/a><\/td><\/tr><tr class=''><td class=''>15.04.2026 &#8211; 17.04.2026<\/td><td class=''>EMSOS<\/td><td class=''>Estoril<\/td><td class=''><a href=\"https:\/\/www.emsos2026.pt\/\" target=\"_blank\" rel=\"noopener\">emsos2026.pt<\/a><\/td><\/tr><tr class=''><td class=''>20.05.2026 &#8211; 22.05.2026<\/td><td class=''>ESSKA<\/td><td class=''>Prag<\/td><td class=''><a href=\"https:\/\/esska-congress.org\/\" target=\"_blank\" rel=\"noopener\">esska-congress.org<\/a><\/td><\/tr><tr class=''><td class=''>24.06.2026 &#8211; 26.06.2026<\/td><td class=''>Swiss Ortho<\/td><td class=''>Basel<\/td><td class=''><a href=\"https:\/\/organizers-congress.org\/\" target=\"_blank\" rel=\"noopener\">organizers-congress.org<\/a><\/td><\/tr><tr class=''><td class=''>15.10.2026 &#8211; 16.10.2026<\/td><td class=''>ISAKOS<\/td><td class=''>Br\u00fcssel<\/td><td class=''><a href=\"https:\/\/www.isakos.com\/Knee-Arthroplasty-Belgium-Oct26\" target=\"_blank\" rel=\"noopener\">isakos.com\/Knee-Arthroplasty-Belgium-Oct26<\/a><br \/>\n<\/td><\/tr><\/tbody><\/table><\/div><style type='text\/css'>.avia-table-1 td:nth-of-type(1):before { content: 'Datum'; } .avia-table-1 td:nth-of-type(2):before { content: 'Veranstaltungsname'; } .avia-table-1 td:nth-of-type(3):before { content: 'Ort'; } .avia-table-1 td:nth-of-type(4):before { content: 'Webseite'; } <\/style><\/div><\/div><\/div><\/div><!-- close content main div --><\/div><\/div><div id='after_section_2'  class='main_color av_default_container_wrap container_wrap sidebar_right'  ><div class='container av-section-cont-open' ><div class='template-page content  av-content-small alpha units'><div class='post-entry post-entry-type-page post-entry-4359'><div class='entry-content-wrapper clearfix'>\n","protected":false},"excerpt":{"rendered":"","protected":false},"author":1,"featured_media":0,"parent":0,"menu_order":0,"comment_status":"closed","ping_status":"closed","template":"","meta":{"_acf_changed":false,"footnotes":""},"acf":[],"yoast_head":"<!-- This site is optimized with the Yoast SEO plugin v22.6 - https:\/\/yoast.com\/wordpress\/plugins\/seo\/ -->\n<title>Veranstaltungen - United Orthopaedic Corporation Schweiz | UOC Schweiz<\/title>\n<meta name=\"description\" content=\"Die United Orthopaedic Corporation Switzerland teilt regelm\u00e4\u00dfig verschiedene zuk\u00fcnftige Veranstaltungen, an denen das Unternehmen teilnimmt oder organisiert\" \/>\n<meta name=\"robots\" content=\"index, follow, max-snippet:-1, max-image-preview:large, max-video-preview:-1\" \/>\n<link rel=\"canonical\" href=\"https:\/\/eu.unitedorthopedic.com\/de\/veranstaltungen\/\" \/>\n<meta property=\"og:locale\" content=\"de_DE\" \/>\n<meta property=\"og:type\" content=\"article\" \/>\n<meta property=\"og:title\" content=\"Veranstaltungen - United Orthopaedic Corporation Schweiz | UOC Schweiz\" \/>\n<meta property=\"og:description\" content=\"Die United Orthopaedic Corporation Switzerland teilt regelm\u00e4\u00dfig verschiedene zuk\u00fcnftige Veranstaltungen, an denen das Unternehmen teilnimmt oder organisiert\" \/>\n<meta property=\"og:url\" content=\"https:\/\/eu.unitedorthopedic.com\/de\/veranstaltungen\/\" \/>\n<meta property=\"og:site_name\" content=\"UOC Europe\" \/>\n<meta property=\"article:modified_time\" content=\"2025-12-12T16:28:26+00:00\" \/>\n<meta name=\"twitter:card\" content=\"summary_large_image\" \/>\n<meta name=\"twitter:label1\" content=\"Est. reading time\" \/>\n\t<meta name=\"twitter:data1\" content=\"1 minute\" \/>\n<script type=\"application\/ld+json\" class=\"yoast-schema-graph\">{\"@context\":\"https:\/\/schema.org\",\"@graph\":[{\"@type\":\"WebPage\",\"@id\":\"https:\/\/eu.unitedorthopedic.com\/de\/veranstaltungen\/\",\"url\":\"https:\/\/eu.unitedorthopedic.com\/de\/veranstaltungen\/\",\"name\":\"Veranstaltungen - United Orthopaedic Corporation Schweiz | UOC Schweiz\",\"isPartOf\":{\"@id\":\"https:\/\/eu.unitedorthopedic.com\/de\/#website\"},\"datePublished\":\"2020-10-19T09:44:38+00:00\",\"dateModified\":\"2025-12-12T16:28:26+00:00\",\"description\":\"Die United Orthopaedic Corporation Switzerland teilt regelm\u00e4\u00dfig verschiedene zuk\u00fcnftige Veranstaltungen, an denen das Unternehmen teilnimmt oder organisiert\",\"breadcrumb\":{\"@id\":\"https:\/\/eu.unitedorthopedic.com\/de\/veranstaltungen\/#breadcrumb\"},\"inLanguage\":\"de-DE\",\"potentialAction\":[{\"@type\":\"ReadAction\",\"target\":[\"https:\/\/eu.unitedorthopedic.com\/de\/veranstaltungen\/\"]}]},{\"@type\":\"BreadcrumbList\",\"@id\":\"https:\/\/eu.unitedorthopedic.com\/de\/veranstaltungen\/#breadcrumb\",\"itemListElement\":[{\"@type\":\"ListItem\",\"position\":1,\"name\":\"Home\",\"item\":\"https:\/\/eu.unitedorthopedic.com\/de\/home\/\"},{\"@type\":\"ListItem\",\"position\":2,\"name\":\"Veranstaltungen\"}]},{\"@type\":\"WebSite\",\"@id\":\"https:\/\/eu.unitedorthopedic.com\/de\/#website\",\"url\":\"https:\/\/eu.unitedorthopedic.com\/de\/\",\"name\":\"UOC Europe\",\"description\":\"UOC United Orthopedic Corporation Europe\",\"potentialAction\":[{\"@type\":\"SearchAction\",\"target\":{\"@type\":\"EntryPoint\",\"urlTemplate\":\"https:\/\/eu.unitedorthopedic.com\/de\/?s={search_term_string}\"},\"query-input\":\"required name=search_term_string\"}],\"inLanguage\":\"de-DE\"}]}<\/script>\n<!-- \/ Yoast SEO plugin. -->","yoast_head_json":{"title":"Veranstaltungen - United Orthopaedic Corporation Schweiz | UOC Schweiz","description":"Die United Orthopaedic Corporation Switzerland teilt regelm\u00e4\u00dfig verschiedene zuk\u00fcnftige Veranstaltungen, an denen das Unternehmen teilnimmt oder organisiert","robots":{"index":"index","follow":"follow","max-snippet":"max-snippet:-1","max-image-preview":"max-image-preview:large","max-video-preview":"max-video-preview:-1"},"canonical":"https:\/\/eu.unitedorthopedic.com\/de\/veranstaltungen\/","og_locale":"de_DE","og_type":"article","og_title":"Veranstaltungen - United Orthopaedic Corporation Schweiz | UOC Schweiz","og_description":"Die United Orthopaedic Corporation Switzerland teilt regelm\u00e4\u00dfig verschiedene zuk\u00fcnftige Veranstaltungen, an denen das Unternehmen teilnimmt oder organisiert","og_url":"https:\/\/eu.unitedorthopedic.com\/de\/veranstaltungen\/","og_site_name":"UOC Europe","article_modified_time":"2025-12-12T16:28:26+00:00","twitter_card":"summary_large_image","twitter_misc":{"Est. reading time":"1 minute"},"schema":{"@context":"https:\/\/schema.org","@graph":[{"@type":"WebPage","@id":"https:\/\/eu.unitedorthopedic.com\/de\/veranstaltungen\/","url":"https:\/\/eu.unitedorthopedic.com\/de\/veranstaltungen\/","name":"Veranstaltungen - United Orthopaedic Corporation Schweiz | UOC Schweiz","isPartOf":{"@id":"https:\/\/eu.unitedorthopedic.com\/de\/#website"},"datePublished":"2020-10-19T09:44:38+00:00","dateModified":"2025-12-12T16:28:26+00:00","description":"Die United Orthopaedic Corporation Switzerland teilt regelm\u00e4\u00dfig verschiedene zuk\u00fcnftige Veranstaltungen, an denen das Unternehmen teilnimmt oder organisiert","breadcrumb":{"@id":"https:\/\/eu.unitedorthopedic.com\/de\/veranstaltungen\/#breadcrumb"},"inLanguage":"de-DE","potentialAction":[{"@type":"ReadAction","target":["https:\/\/eu.unitedorthopedic.com\/de\/veranstaltungen\/"]}]},{"@type":"BreadcrumbList","@id":"https:\/\/eu.unitedorthopedic.com\/de\/veranstaltungen\/#breadcrumb","itemListElement":[{"@type":"ListItem","position":1,"name":"Home","item":"https:\/\/eu.unitedorthopedic.com\/de\/home\/"},{"@type":"ListItem","position":2,"name":"Veranstaltungen"}]},{"@type":"WebSite","@id":"https:\/\/eu.unitedorthopedic.com\/de\/#website","url":"https:\/\/eu.unitedorthopedic.com\/de\/","name":"UOC Europe","description":"UOC United Orthopedic Corporation Europe","potentialAction":[{"@type":"SearchAction","target":{"@type":"EntryPoint","urlTemplate":"https:\/\/eu.unitedorthopedic.com\/de\/?s={search_term_string}"},"query-input":"required name=search_term_string"}],"inLanguage":"de-DE"}]}},"publishpress_future_action":{"enabled":false,"date":"2026-04-14 15:11:26","action":"change-status","newStatus":"draft","terms":[],"taxonomy":"translation_priority"},"_links":{"self":[{"href":"https:\/\/eu.unitedorthopedic.com\/de\/wp-json\/wp\/v2\/pages\/4359"}],"collection":[{"href":"https:\/\/eu.unitedorthopedic.com\/de\/wp-json\/wp\/v2\/pages"}],"about":[{"href":"https:\/\/eu.unitedorthopedic.com\/de\/wp-json\/wp\/v2\/types\/page"}],"author":[{"embeddable":true,"href":"https:\/\/eu.unitedorthopedic.com\/de\/wp-json\/wp\/v2\/users\/1"}],"replies":[{"embeddable":true,"href":"https:\/\/eu.unitedorthopedic.com\/de\/wp-json\/wp\/v2\/comments?post=4359"}],"version-history":[{"count":5,"href":"https:\/\/eu.unitedorthopedic.com\/de\/wp-json\/wp\/v2\/pages\/4359\/revisions"}],"predecessor-version":[{"id":8625,"href":"https:\/\/eu.unitedorthopedic.com\/de\/wp-json\/wp\/v2\/pages\/4359\/revisions\/8625"}],"wp:attachment":[{"href":"https:\/\/eu.unitedorthopedic.com\/de\/wp-json\/wp\/v2\/media?parent=4359"}],"curies":[{"name":"wp","href":"https:\/\/api.w.org\/{rel}","templated":true}]}}