{"id":8531,"date":"2025-08-28T16:57:53","date_gmt":"2025-08-28T14:57:53","guid":{"rendered":"https:\/\/eu.unitedorthopedic.com\/job\/"},"modified":"2025-08-29T08:54:03","modified_gmt":"2025-08-29T06:54:03","slug":"stellenangebote","status":"publish","type":"page","link":"https:\/\/eu.unitedorthopedic.com\/de\/stellenangebote\/","title":{"rendered":"Stellenangebote"},"content":{"rendered":"\n<style type=\"text\/css\" data-created_by=\"avia_inline_auto\" id=\"style-css-av-f3z2h9-c0cd5d0a753d8ba32ee301d22d662f7b\">\n.avia-section.av-f3z2h9-c0cd5d0a753d8ba32ee301d22d662f7b{\nbackground-repeat:no-repeat;\nbackground-image:url(https:\/\/eu.unitedorthopedic.com\/wp\/wp-content\/uploads\/2025\/08\/jobs_hire.jpg);\nbackground-position:100% 50%;\nbackground-attachment:scroll;\n}\n<\/style>\n<div id='av_section_1'  class='avia-section av-f3z2h9-c0cd5d0a753d8ba32ee301d22d662f7b main_color avia-section-huge avia-no-border-styling  avia-builder-el-0  el_before_av_layout_row  avia-builder-el-first  avia-full-stretch avia-bg-style-scroll av-minimum-height av-minimum-height-custom av-height-custom  container_wrap sidebar_right'  data-section-bg-repeat='stretch' data-av_minimum_height_px='350'><div class='container av-section-cont-open' style='height:350px'><main  role=\"main\" itemprop=\"mainContentOfPage\"  class='template-page content  av-content-small alpha units'><div class='post-entry post-entry-type-page post-entry-8531'><div class='entry-content-wrapper clearfix'>\n<\/div><\/div><\/main><!-- close content main element --><\/div><\/div><div id='av-layout-grid-1'  class='av-layout-grid-container av-dvv9zh-9ff956f5c11286b60bc59d83784ca05f entry-content-wrapper main_color av-fixed-cells  avia-builder-el-1  el_after_av_section  el_before_av_section  grid-row-not-first  container_wrap sidebar_right'  >\n\n<style type=\"text\/css\" data-created_by=\"avia_inline_auto\" id=\"style-css-av-c1iawd-6fd0ae9c012b8851bcd6c64aacbb57c2\">\n.flex_cell.av-c1iawd-6fd0ae9c012b8851bcd6c64aacbb57c2{\nvertical-align:top;\nbackground-color:#4CAC87;\n}\n.responsive #top #wrap_all .flex_cell.av-c1iawd-6fd0ae9c012b8851bcd6c64aacbb57c2{\npadding:9px 0px 0px 0px !important;\n}\n<\/style>\n<div class='flex_cell av-c1iawd-6fd0ae9c012b8851bcd6c64aacbb57c2 av-gridrow-cell av_one_half no_margin  avia-builder-el-2  el_before_av_cell_one_half  avia-builder-el-first '  ><div class='flex_cell_inner'><\/div><\/div>\n<style type=\"text\/css\" data-created_by=\"avia_inline_auto\" id=\"style-css-av-b4fgj1-a2748c9418532dc330902a5278e5360b\">\n.flex_cell.av-b4fgj1-a2748c9418532dc330902a5278e5360b{\nvertical-align:top;\nbackground-color:#4CAC87;\n}\n.responsive #top #wrap_all .flex_cell.av-b4fgj1-a2748c9418532dc330902a5278e5360b{\npadding:9px 0px 0px 0px !important;\n}\n<\/style>\n<div class='flex_cell av-b4fgj1-a2748c9418532dc330902a5278e5360b av-gridrow-cell av_one_half no_margin  avia-builder-el-3  el_after_av_cell_one_half  avia-builder-el-last '  ><div class='flex_cell_inner'><\/div><\/div>\n<\/div>\n<div id='infos'  class='avia-section av-8n783h-b9455792177038a140759ab931ad9178 main_color avia-section-default avia-no-border-styling  avia-builder-el-4  el_after_av_layout_row  el_before_av_section  avia-bg-style-scroll container_wrap sidebar_right'  ><div class='container av-section-cont-open' ><div class='template-page content  av-content-small alpha units'><div class='post-entry post-entry-type-page post-entry-8531'><div class='entry-content-wrapper clearfix'>\n<div class='flex_column_table av-qxtbh-b477feb3d27f09766a85842cb9af0231 sc-av_one_third av-break-at-tablet-flextable av-equal-height-column-flextable'>\n<style type=\"text\/css\" data-created_by=\"avia_inline_auto\" id=\"style-css-av-qxtbh-b477feb3d27f09766a85842cb9af0231\">\n#top .flex_column_table.av-equal-height-column-flextable.av-qxtbh-b477feb3d27f09766a85842cb9af0231{\nmargin-top:-200px;\nmargin-bottom:50px;\n}\n.flex_column.av-qxtbh-b477feb3d27f09766a85842cb9af0231{\nborder-radius:0px 0px 0px 0px;\npadding:40px 40px 40px 40px;\n}\n<\/style>\n<div  class='flex_column av-qxtbh-b477feb3d27f09766a85842cb9af0231 av_one_third  avia-builder-el-5  el_before_av_one_third  avia-builder-el-first  first no_margin av-break-at-tablet flex_column_table_cell av-equal-height-column av-align-top  '     ><\/div>\n<style type=\"text\/css\" data-created_by=\"avia_inline_auto\" id=\"style-css-av-5uhr4d-69e6f977bc47313328de8edabac087f6\">\n#top .flex_column_table.av-equal-height-column-flextable.av-5uhr4d-69e6f977bc47313328de8edabac087f6{\nmargin-top:-200px;\nmargin-bottom:50px;\n}\n.flex_column.av-5uhr4d-69e6f977bc47313328de8edabac087f6{\nborder-width:9px;\nborder-color:#4CAC87;\nborder-style:solid;\nborder-radius:0px 0px 0px 0px;\npadding:40px 40px 40px 40px;\nbackground-color:#535559;\n}\n<\/style>\n<div  class='flex_column av-5uhr4d-69e6f977bc47313328de8edabac087f6 av_one_third  avia-builder-el-6  el_after_av_one_third  el_before_av_one_third  no_margin av-break-at-tablet flex_column_table_cell av-equal-height-column av-align-top  '     ><p>\n<style type=\"text\/css\" data-created_by=\"avia_inline_auto\" id=\"style-css-av-4ql2fx-2a69fe03890b7eb99d5b54613275483e\">\n.av_font_icon.av-4ql2fx-2a69fe03890b7eb99d5b54613275483e{\ncolor:#ffffff;\nborder-color:#ffffff;\n}\n.av_font_icon.av-4ql2fx-2a69fe03890b7eb99d5b54613275483e .av-icon-char{\nfont-size:60px;\nline-height:60px;\n}\n<\/style>\n<span  class='av_font_icon av-4ql2fx-2a69fe03890b7eb99d5b54613275483e avia_animate_when_visible av-icon-style- avia-icon-pos-center avia-icon-animate'><span class='av-icon-char' aria-hidden='true' data-av_icon='' data-av_iconfont='uoc-font' ><\/span><\/span><br \/>\n\n<style type=\"text\/css\" data-created_by=\"avia_inline_auto\" id=\"style-css-av-mbrpdqvl-f70df44a26ac50411939fc7838e13901\">\n#top .av-special-heading.av-mbrpdqvl-f70df44a26ac50411939fc7838e13901{\nmargin:20px 0 0 0;\npadding-bottom:10px;\ncolor:#4CAC87;\nfont-size:30px;\n}\nbody .av-special-heading.av-mbrpdqvl-f70df44a26ac50411939fc7838e13901 .av-special-heading-tag .heading-char{\nfont-size:25px;\n}\n#top #wrap_all .av-special-heading.av-mbrpdqvl-f70df44a26ac50411939fc7838e13901 .av-special-heading-tag{\nfont-size:30px;\n}\n.av-special-heading.av-mbrpdqvl-f70df44a26ac50411939fc7838e13901 .special-heading-inner-border{\nborder-color:#4CAC87;\n}\n.av-special-heading.av-mbrpdqvl-f70df44a26ac50411939fc7838e13901 .av-subheading{\nfont-size:20px;\n}\n\n@media only screen and (min-width: 480px) and (max-width: 767px){ \n#top #wrap_all .av-special-heading.av-mbrpdqvl-f70df44a26ac50411939fc7838e13901 .av-special-heading-tag{\nfont-size:0.8em;\n}\n}\n\n@media only screen and (max-width: 479px){ \n#top #wrap_all .av-special-heading.av-mbrpdqvl-f70df44a26ac50411939fc7838e13901 .av-special-heading-tag{\nfont-size:0.8em;\n}\n}\n<\/style>\n<div  class='av-special-heading av-mbrpdqvl-f70df44a26ac50411939fc7838e13901 av-special-heading-h1 custom-color-heading blockquote modern-quote modern-centered  avia-builder-el-8  el_after_av_font_icon  avia-builder-el-last  av-inherit-size av-linked-heading'><h1 class='av-special-heading-tag'  itemprop=\"headline\"  >Stellenangebote<\/h1><div class=\"special-heading-border\"><div class=\"special-heading-inner-border\"><\/div><\/div><\/div><\/p><\/div>\n<style type=\"text\/css\" data-created_by=\"avia_inline_auto\" id=\"style-css-av-2qu4bx-03f8902ae2a3ea1b38e1cfad40a8b1fa\">\n#top .flex_column_table.av-equal-height-column-flextable.av-2qu4bx-03f8902ae2a3ea1b38e1cfad40a8b1fa{\nmargin-top:-200px;\nmargin-bottom:50px;\n}\n.flex_column.av-2qu4bx-03f8902ae2a3ea1b38e1cfad40a8b1fa{\nborder-radius:0px 0px 0px 0px;\npadding:40px 40px 40px 40px;\n}\n<\/style>\n<div  class='flex_column av-2qu4bx-03f8902ae2a3ea1b38e1cfad40a8b1fa av_one_third  avia-builder-el-9  el_after_av_one_third  avia-builder-el-last  no_margin av-break-at-tablet flex_column_table_cell av-equal-height-column av-align-top  '     ><\/div><\/div><!--close column table wrapper. Autoclose: 1 -->\n\n<\/div><\/div><\/div><!-- close content main div --><\/div><\/div><div id='av_section_3'  class='avia-section av-24z0f-33d4537f1297b26928bf12308f1a4ea4 main_color avia-section-small avia-no-border-styling  avia-builder-el-10  el_after_av_section  avia-builder-el-last  avia-bg-style-scroll container_wrap sidebar_right'  ><div class='container av-section-cont-open' ><div class='template-page content  av-content-small alpha units'><div class='post-entry post-entry-type-page post-entry-8531'><div class='entry-content-wrapper clearfix'>\n<div  class='flex_column av-141ov-bfc702f8bf1d704383345403444017a6 av_two_fifth  avia-builder-el-11  el_before_av_three_fifth  avia-builder-el-first  first flex_column_div  '     ><p>\n<style type=\"text\/css\" data-created_by=\"avia_inline_auto\" id=\"style-css-av-m3ihy3yl-15d72eda3b4b6fefcfba3036c68566e5\">\n#top .av-special-heading.av-m3ihy3yl-15d72eda3b4b6fefcfba3036c68566e5{\nmargin:0 0 60px 0;\npadding-bottom:10px;\n}\nbody .av-special-heading.av-m3ihy3yl-15d72eda3b4b6fefcfba3036c68566e5 .av-special-heading-tag .heading-char{\nfont-size:25px;\n}\n.av-special-heading.av-m3ihy3yl-15d72eda3b4b6fefcfba3036c68566e5 .av-subheading{\nfont-size:15px;\n}\n<\/style>\n<div  class='av-special-heading av-m3ihy3yl-15d72eda3b4b6fefcfba3036c68566e5 av-special-heading-h2 blockquote modern-quote  avia-builder-el-12  el_before_av_toggle_container  avia-builder-el-first  trs-animate trs-special-underline'><h2 class='av-special-heading-tag'  itemprop=\"headline\"  >Offene Stellen<\/h2><div class=\"special-heading-border\"><div class=\"special-heading-inner-border\"><\/div><\/div><\/div><br \/>\n\n<style type=\"text\/css\" data-created_by=\"avia_inline_auto\" id=\"style-css-av-m3ii5r11-54ccf8d5ff66708b1fcbe19cc8c33fa5\">\n#top .togglecontainer.av-m3ii5r11-54ccf8d5ff66708b1fcbe19cc8c33fa5 h2.toggler{\nbackground-color:#ffffff;\nborder-color:#4cac87;\n}\n#top .togglecontainer.av-m3ii5r11-54ccf8d5ff66708b1fcbe19cc8c33fa5 h2.toggler .toggle_icon{\ncolor:#4cac87;\nborder-color:#4cac87;\n}\n#top .togglecontainer.av-m3ii5r11-54ccf8d5ff66708b1fcbe19cc8c33fa5 h2.toggler .toggle_icon > span{\ncolor:#4cac87;\nborder-color:#4cac87;\n}\n#top .togglecontainer.av-m3ii5r11-54ccf8d5ff66708b1fcbe19cc8c33fa5 h2.toggler.activeTitle .toggle_icon, #top .togglecontainer.av-m3ii5r11-54ccf8d5ff66708b1fcbe19cc8c33fa5 p.toggler.activeTitle .toggle_icon > span{\ncolor:#4cac87;\nborder-color:#4cac87;\n}\n#top .togglecontainer.av-m3ii5r11-54ccf8d5ff66708b1fcbe19cc8c33fa5 .toggle_wrap .toggle_content{\nbackground-color:#ffffff;\nborder-color:#4cac87;\n}\n<\/style>\n<div  class='togglecontainer av-m3ii5r11-54ccf8d5ff66708b1fcbe19cc8c33fa5 av-elegant-toggle  avia-builder-el-13  el_after_av_heading  avia-builder-el-last  trs-animate toggle_close_all' >\n<section class='av_toggle_section av-mbte9i9h-51b35fdafdf48d80490295d42468f312'  itemscope=\"itemscope\" itemtype=\"https:\/\/schema.org\/CreativeWork\" ><div role=\"tablist\" class=\"single_toggle\" data-tags=\"{Alle} \"  ><h2 data-fake-id='#toggle-id-1' class='toggler  activeTitle av-inherit-border-color'  itemprop=\"headline\"  role='tab' tabindex='0' aria-controls='toggle-id-1'>Pflegefachkraft<span class=\"toggle_icon\"><span class=\"vert_icon\"><\/span><span class=\"hor_icon\"><\/span><\/span><\/h2><div id='toggle-id-1' class='toggle_wrap  active_tc' style='display:block;' ><div class='toggle_content invers-color av-inherit-border-color'  itemprop=\"text\" ><p style=\"text-align: justify;\"><strong>Sind Sie eine Pflegefachkraft, die in einem dynamischen Arbeitsumfeld aufbl\u00fcht ?<\/strong><\/p>\n<p style=\"text-align: justify;\">Sind Sie bereits mit Abl\u00e4ufen im Operationssaal und sterilen Techniken vertraut? Suchen Sie eine flexible, spannende und abwechslungsreiche T\u00e4tigkeit? Dann ist diese Stelle genau das Richtige f\u00fcr Sie !<\/p>\n<p style=\"text-align: justify;\">Als <strong>reisende\/r OP-Unterst\u00fctzungspfleger\/in<\/strong> verst\u00e4rken Sie OP-Teams bei orthop\u00e4dischen Eingriffen in verschiedenen Spit\u00e4lern. Sie \u00fcbernehmen eine Schl\u00fcsselrolle an der Seite von Chirurgen und Gesundheitsteams, indem Sie hochwertige technische Assistenz leisten. Ihr Engagement, Ihre Eigeninitiative und Ihre F\u00e4higkeit, Situationen selbst\u00e4ndig zu meistern, machen den Unterschied.<\/p>\n<p><strong>Was wir bieten :<\/strong><\/p>\n<ul>\n<li>Eine anspruchsvolle technische T\u00e4tigkeit ohne Pikettdienste oder Nachtschichten<\/li>\n<li>Ein kollegiales, unterst\u00fctzendes Arbeitsumfeld in einem kleinen, eingespielten Team<\/li>\n<li>Die M\u00f6glichkeit, Teil eines wachsenden, innovativen Unternehmens mit internationalem Hintergrund zu werden<\/li>\n<li>Direkten und bereichernden Austausch mit Chirurgen<\/li>\n<\/ul>\n<p><strong>Ihr Profil :<\/strong><br \/>\nErkennen Sie sich hier wieder ?<\/p>\n<ul>\n<li>Flexibilit\u00e4t und Selbst\u00e4ndigkeit<\/li>\n<li>Lernbereitschaft<\/li>\n<li>Ausgepr\u00e4gte Teamf\u00e4higkeit und soziale Kompetenz<\/li>\n<li>Verantwortungsbewusstsein<\/li>\n<li>Ehrgeiz und berufliches Engagement<\/li>\n<\/ul>\n<p><strong>Lieben Sie Herausforderungen und m\u00f6chten Sie Ihre Karriere auf die n\u00e4chste Stufe bringen ?<\/strong><br \/>\nDann freuen wir uns, Sie kennenzulernen !<\/p>\n<p><strong>Werden Sie Teil unseres Teams und helfen Sie mit, einen Unterschied zu machen \u2013 jeden Tag, Schritt f\u00fcr Schritt !<\/strong><\/p>\n<p><strong>Arbeitsort :<\/strong><br \/>\n<strong>United Orthopedic Corporation<\/strong><\/p>\n<\/div><\/div><\/div><\/section>\n<\/div><\/p><\/div><div  class='flex_column av-1gzib-03c24f53def864c0767e9d079407f739 av_three_fifth  avia-builder-el-14  el_after_av_two_fifth  avia-builder-el-last  flex_column_div  '     ><p>\n<style type=\"text\/css\" data-created_by=\"avia_inline_auto\" id=\"style-css-av-m3ihxjjy-bb3db710f30bbea5db8ace2d6f4668eb\">\n#top .av-special-heading.av-m3ihxjjy-bb3db710f30bbea5db8ace2d6f4668eb{\npadding-bottom:10px;\n}\nbody .av-special-heading.av-m3ihxjjy-bb3db710f30bbea5db8ace2d6f4668eb .av-special-heading-tag .heading-char{\nfont-size:25px;\n}\n.av-special-heading.av-m3ihxjjy-bb3db710f30bbea5db8ace2d6f4668eb .av-subheading{\nfont-size:15px;\n}\n<\/style>\n<div  class='av-special-heading av-m3ihxjjy-bb3db710f30bbea5db8ace2d6f4668eb av-special-heading-h2 blockquote modern-quote  avia-builder-el-15  el_before_av_codeblock  avia-builder-el-first  trs-animate trs-special-underline'><h2 class='av-special-heading-tag'  itemprop=\"headline\"  >Bewerbungsformular<\/h2><div class=\"special-heading-border\"><div class=\"special-heading-inner-border\"><\/div><\/div><\/div><br \/>\n<\/p><\/div>\n<\/div><\/div><\/div><!-- close content main div --><\/div><\/div><div id='after_section_3'  class='main_color av_default_container_wrap container_wrap sidebar_right'  ><div class='container av-section-cont-open' ><div class='template-page content  av-content-small alpha units'><div class='post-entry post-entry-type-page post-entry-8531'><div class='entry-content-wrapper clearfix'>\n","protected":false},"excerpt":{"rendered":"","protected":false},"author":1,"featured_media":0,"parent":0,"menu_order":0,"comment_status":"closed","ping_status":"closed","template":"","meta":{"_acf_changed":false,"footnotes":""},"acf":[],"yoast_head":"<!-- This site is optimized with the Yoast SEO plugin v22.6 - https:\/\/yoast.com\/wordpress\/plugins\/seo\/ -->\n<title>Stellenangebote - UOC Europe<\/title>\n<meta name=\"robots\" content=\"index, follow, max-snippet:-1, max-image-preview:large, max-video-preview:-1\" \/>\n<link rel=\"canonical\" href=\"https:\/\/eu.unitedorthopedic.com\/de\/stellenangebote\/\" \/>\n<meta property=\"og:locale\" content=\"de_DE\" \/>\n<meta property=\"og:type\" content=\"article\" \/>\n<meta property=\"og:title\" content=\"Stellenangebote - UOC Europe\" \/>\n<meta property=\"og:url\" content=\"https:\/\/eu.unitedorthopedic.com\/de\/stellenangebote\/\" \/>\n<meta property=\"og:site_name\" content=\"UOC Europe\" \/>\n<meta property=\"article:modified_time\" content=\"2025-08-29T06:54:03+00:00\" \/>\n<meta name=\"twitter:card\" content=\"summary_large_image\" \/>\n<meta name=\"twitter:label1\" content=\"Est. reading time\" \/>\n\t<meta name=\"twitter:data1\" content=\"1 minute\" \/>\n<script type=\"application\/ld+json\" class=\"yoast-schema-graph\">{\"@context\":\"https:\/\/schema.org\",\"@graph\":[{\"@type\":\"WebPage\",\"@id\":\"https:\/\/eu.unitedorthopedic.com\/de\/stellenangebote\/\",\"url\":\"https:\/\/eu.unitedorthopedic.com\/de\/stellenangebote\/\",\"name\":\"Stellenangebote - UOC Europe\",\"isPartOf\":{\"@id\":\"https:\/\/eu.unitedorthopedic.com\/de\/#website\"},\"datePublished\":\"2025-08-28T14:57:53+00:00\",\"dateModified\":\"2025-08-29T06:54:03+00:00\",\"breadcrumb\":{\"@id\":\"https:\/\/eu.unitedorthopedic.com\/de\/stellenangebote\/#breadcrumb\"},\"inLanguage\":\"de-DE\",\"potentialAction\":[{\"@type\":\"ReadAction\",\"target\":[\"https:\/\/eu.unitedorthopedic.com\/de\/stellenangebote\/\"]}]},{\"@type\":\"BreadcrumbList\",\"@id\":\"https:\/\/eu.unitedorthopedic.com\/de\/stellenangebote\/#breadcrumb\",\"itemListElement\":[{\"@type\":\"ListItem\",\"position\":1,\"name\":\"Home\",\"item\":\"https:\/\/eu.unitedorthopedic.com\/de\/home\/\"},{\"@type\":\"ListItem\",\"position\":2,\"name\":\"Stellenangebote\"}]},{\"@type\":\"WebSite\",\"@id\":\"https:\/\/eu.unitedorthopedic.com\/de\/#website\",\"url\":\"https:\/\/eu.unitedorthopedic.com\/de\/\",\"name\":\"UOC Europe\",\"description\":\"UOC United Orthopedic Corporation Europe\",\"potentialAction\":[{\"@type\":\"SearchAction\",\"target\":{\"@type\":\"EntryPoint\",\"urlTemplate\":\"https:\/\/eu.unitedorthopedic.com\/de\/?s={search_term_string}\"},\"query-input\":\"required name=search_term_string\"}],\"inLanguage\":\"de-DE\"}]}<\/script>\n<!-- \/ Yoast SEO plugin. -->","yoast_head_json":{"title":"Stellenangebote - UOC Europe","robots":{"index":"index","follow":"follow","max-snippet":"max-snippet:-1","max-image-preview":"max-image-preview:large","max-video-preview":"max-video-preview:-1"},"canonical":"https:\/\/eu.unitedorthopedic.com\/de\/stellenangebote\/","og_locale":"de_DE","og_type":"article","og_title":"Stellenangebote - UOC Europe","og_url":"https:\/\/eu.unitedorthopedic.com\/de\/stellenangebote\/","og_site_name":"UOC Europe","article_modified_time":"2025-08-29T06:54:03+00:00","twitter_card":"summary_large_image","twitter_misc":{"Est. reading time":"1 minute"},"schema":{"@context":"https:\/\/schema.org","@graph":[{"@type":"WebPage","@id":"https:\/\/eu.unitedorthopedic.com\/de\/stellenangebote\/","url":"https:\/\/eu.unitedorthopedic.com\/de\/stellenangebote\/","name":"Stellenangebote - UOC Europe","isPartOf":{"@id":"https:\/\/eu.unitedorthopedic.com\/de\/#website"},"datePublished":"2025-08-28T14:57:53+00:00","dateModified":"2025-08-29T06:54:03+00:00","breadcrumb":{"@id":"https:\/\/eu.unitedorthopedic.com\/de\/stellenangebote\/#breadcrumb"},"inLanguage":"de-DE","potentialAction":[{"@type":"ReadAction","target":["https:\/\/eu.unitedorthopedic.com\/de\/stellenangebote\/"]}]},{"@type":"BreadcrumbList","@id":"https:\/\/eu.unitedorthopedic.com\/de\/stellenangebote\/#breadcrumb","itemListElement":[{"@type":"ListItem","position":1,"name":"Home","item":"https:\/\/eu.unitedorthopedic.com\/de\/home\/"},{"@type":"ListItem","position":2,"name":"Stellenangebote"}]},{"@type":"WebSite","@id":"https:\/\/eu.unitedorthopedic.com\/de\/#website","url":"https:\/\/eu.unitedorthopedic.com\/de\/","name":"UOC Europe","description":"UOC United Orthopedic Corporation Europe","potentialAction":[{"@type":"SearchAction","target":{"@type":"EntryPoint","urlTemplate":"https:\/\/eu.unitedorthopedic.com\/de\/?s={search_term_string}"},"query-input":"required name=search_term_string"}],"inLanguage":"de-DE"}]}},"publishpress_future_action":{"enabled":false,"date":"2026-04-28 11:26:27","action":"change-status","newStatus":"draft","terms":[],"taxonomy":"translation_priority"},"_links":{"self":[{"href":"https:\/\/eu.unitedorthopedic.com\/de\/wp-json\/wp\/v2\/pages\/8531"}],"collection":[{"href":"https:\/\/eu.unitedorthopedic.com\/de\/wp-json\/wp\/v2\/pages"}],"about":[{"href":"https:\/\/eu.unitedorthopedic.com\/de\/wp-json\/wp\/v2\/types\/page"}],"author":[{"embeddable":true,"href":"https:\/\/eu.unitedorthopedic.com\/de\/wp-json\/wp\/v2\/users\/1"}],"replies":[{"embeddable":true,"href":"https:\/\/eu.unitedorthopedic.com\/de\/wp-json\/wp\/v2\/comments?post=8531"}],"version-history":[{"count":3,"href":"https:\/\/eu.unitedorthopedic.com\/de\/wp-json\/wp\/v2\/pages\/8531\/revisions"}],"predecessor-version":[{"id":8560,"href":"https:\/\/eu.unitedorthopedic.com\/de\/wp-json\/wp\/v2\/pages\/8531\/revisions\/8560"}],"wp:attachment":[{"href":"https:\/\/eu.unitedorthopedic.com\/de\/wp-json\/wp\/v2\/media?parent=8531"}],"curies":[{"name":"wp","href":"https:\/\/api.w.org\/{rel}","templated":true}]}}