{"id":3816,"date":"2020-10-09T16:49:10","date_gmt":"2020-10-09T14:49:10","guid":{"rendered":"https:\/\/eu.unitedorthopedic.com\/?page_id=3816"},"modified":"2024-06-04T16:27:26","modified_gmt":"2024-06-04T14:27:26","slug":"contacto","status":"publish","type":"page","link":"https:\/\/eu.unitedorthopedic.com\/es\/contacto\/","title":{"rendered":"Contacto"},"content":{"rendered":"<div  class='av_gmaps_sc_main_wrap av_gmaps_main_wrap '><div id='av_gmap_0' class='avia-google-map-container avia-google-map-sc av_gmaps_show_unconditionally av-no-fallback-img ' data-mapid='av_gmap_0'  style='height: 500px;'><a class=\"av_gmaps_browser_disabled av_text_confirm_link av_text_confirm_link_visible\" href=\"https:\/\/www.google.com\/maps\/search\/?api=1&#038;query=Avenue%20des%20Sciences%2015%201400%20Yverdon%20%20Switzerland\" target=\"_blank\" rel=\"noopener\">Maps were disabled by the visitor on this site. Click to open the map in a new window.<\/a><\/div><\/div>\n<div id='av-layout-grid-1'  class='av-layout-grid-container av-3znmz6-f261ea6a19a67a36367cd24bf4acbbb7 entry-content-wrapper main_color av-fixed-cells  avia-builder-el-1  el_after_av_google_map  el_before_av_section  grid-row-not-first  container_wrap sidebar_right'  >\n\n<style type=\"text\/css\" data-created_by=\"avia_inline_auto\" id=\"style-css-av-3tm3yi-2bb277461962f8f84ba7724cd23c93ae\">\n.flex_cell.av-3tm3yi-2bb277461962f8f84ba7724cd23c93ae{\nvertical-align:top;\nbackground-color:#4CAC87;\n}\n.responsive #top #wrap_all .flex_cell.av-3tm3yi-2bb277461962f8f84ba7724cd23c93ae{\npadding:9px 0px 0px 0px !important;\n}\n<\/style>\n<div class='flex_cell av-3tm3yi-2bb277461962f8f84ba7724cd23c93ae av-gridrow-cell av_one_half no_margin  avia-builder-el-2  el_before_av_cell_one_half  avia-builder-el-first '  ><div class='flex_cell_inner'><\/div><\/div>\n<style type=\"text\/css\" data-created_by=\"avia_inline_auto\" id=\"style-css-av-3oe4ze-4b880e594047bf11a007825cce52d04b\">\n.flex_cell.av-3oe4ze-4b880e594047bf11a007825cce52d04b{\nvertical-align:top;\nbackground-color:#4CAC87;\n}\n.responsive #top #wrap_all .flex_cell.av-3oe4ze-4b880e594047bf11a007825cce52d04b{\npadding:9px 0px 0px 0px !important;\n}\n<\/style>\n<div class='flex_cell av-3oe4ze-4b880e594047bf11a007825cce52d04b av-gridrow-cell av_one_half no_margin  avia-builder-el-3  el_after_av_cell_one_half  avia-builder-el-last '  ><div class='flex_cell_inner'><\/div><\/div>\n<\/div>\n<div id='infos'  class='avia-section av-3l6hei-da0a4d0bf52f4149f8b5f247218db456 main_color avia-section-huge avia-no-border-styling  avia-builder-el-4  el_after_av_layout_row  avia-builder-el-last  avia-bg-style-scroll container_wrap sidebar_right'  ><div class='container av-section-cont-open' ><div class='template-page content  av-content-small alpha units'><div class='post-entry post-entry-type-page post-entry-3816'><div class='entry-content-wrapper clearfix'>\n<div class='flex_column_table av-3c2jui-5db381d369424b23a0947779e51e0a25 sc-av_one_third av-break-at-tablet-flextable av-equal-height-column-flextable'>\n<style type=\"text\/css\" data-created_by=\"avia_inline_auto\" id=\"style-css-av-3c2jui-5db381d369424b23a0947779e51e0a25\">\n#top .flex_column_table.av-equal-height-column-flextable.av-3c2jui-5db381d369424b23a0947779e51e0a25{\nmargin-top:-200px;\nmargin-bottom:0px;\n}\n.flex_column.av-3c2jui-5db381d369424b23a0947779e51e0a25{\nborder-radius:0px 0px 0px 0px;\npadding:40px 40px 40px 40px;\n}\n<\/style>\n<div  class='flex_column av-3c2jui-5db381d369424b23a0947779e51e0a25 av_one_third  avia-builder-el-5  el_before_av_one_third  avia-builder-el-first  first no_margin av-break-at-tablet flex_column_table_cell av-equal-height-column av-align-top  '     ><\/div>\n<style type=\"text\/css\" data-created_by=\"avia_inline_auto\" id=\"style-css-av-36owea-c14325fedf5e4e208e1ac7af8d96b84d\">\n#top .flex_column_table.av-equal-height-column-flextable.av-36owea-c14325fedf5e4e208e1ac7af8d96b84d{\nmargin-top:-200px;\nmargin-bottom:0px;\n}\n.flex_column.av-36owea-c14325fedf5e4e208e1ac7af8d96b84d{\nborder-width:9px;\nborder-color:#4CAC87;\nborder-style:solid;\nborder-radius:0px 0px 0px 0px;\npadding:40px 40px 40px 40px;\nbackground-color:#535559;\n}\n<\/style>\n<div  class='flex_column av-36owea-c14325fedf5e4e208e1ac7af8d96b84d av_one_third  avia-builder-el-6  el_after_av_one_third  el_before_av_one_third  no_margin av-break-at-tablet flex_column_table_cell av-equal-height-column av-align-top  '     ><p>\n<style type=\"text\/css\" data-created_by=\"avia_inline_auto\" id=\"style-css-av-31ak96-b8a09e60475581a8e646b036e0189e54\">\n.av_font_icon.av-31ak96-b8a09e60475581a8e646b036e0189e54{\ncolor:#ffffff;\nborder-color:#ffffff;\n}\n.av_font_icon.av-31ak96-b8a09e60475581a8e646b036e0189e54 .av-icon-char{\nfont-size:60px;\nline-height:60px;\n}\n<\/style>\n<span  class='av_font_icon av-31ak96-b8a09e60475581a8e646b036e0189e54 avia_animate_when_visible av-icon-style- avia-icon-pos-center avia-icon-animate'><span class='av-icon-char' aria-hidden='true' data-av_icon='' data-av_iconfont='uoc-font' ><\/span><\/span><br \/>\n\n<style type=\"text\/css\" data-created_by=\"avia_inline_auto\" id=\"style-css-av-2xaldu-e6db00254b813ef2a18fa60160df9a0f\">\n#top .hr.hr-invisible.av-2xaldu-e6db00254b813ef2a18fa60160df9a0f{\nheight:20px;\n}\n<\/style>\n<div  class='hr av-2xaldu-e6db00254b813ef2a18fa60160df9a0f hr-invisible  avia-builder-el-8  el_after_av_font_icon  el_before_av_textblock '><span class='hr-inner '><span class=\"hr-inner-style\"><\/span><\/span><\/div><br \/>\n\n<style type=\"text\/css\" data-created_by=\"avia_inline_auto\" id=\"style-css-av-2smvkq-2e00dde319a287c7009f16d9b7852bf4\">\n#top .av_textblock_section.av-2smvkq-2e00dde319a287c7009f16d9b7852bf4 .avia_textblock{\ncolor:#ffffff;\n}\n<\/style>\n<section  class='av_textblock_section av-2smvkq-2e00dde319a287c7009f16d9b7852bf4 '   itemscope=\"itemscope\" itemtype=\"https:\/\/schema.org\/CreativeWork\" ><div class='avia_textblock av_inherit_color'  itemprop=\"text\" ><h1 style=\"text-align: center;\">Contacto<\/h1>\n<\/div><\/section><br \/>\n\n<style type=\"text\/css\" data-created_by=\"avia_inline_auto\" id=\"style-css-av-kk7zdrw9-c8be833ccdfa6e17814877901699b73e\">\n.avia-image-container.av-kk7zdrw9-c8be833ccdfa6e17814877901699b73e img.avia_image{\nbox-shadow:none;\n}\n.avia-image-container.av-kk7zdrw9-c8be833ccdfa6e17814877901699b73e .av-image-caption-overlay-center{\ncolor:#ffffff;\n}\n<\/style>\n<div  class='avia-image-container av-kk7zdrw9-c8be833ccdfa6e17814877901699b73e av-styling- avia-align-center  avia-builder-el-10  el_after_av_textblock  el_before_av_hr '   itemprop=\"image\" itemscope=\"itemscope\" itemtype=\"https:\/\/schema.org\/ImageObject\" ><div class=\"avia-image-container-inner\"><div class=\"avia-image-overlay-wrap\"><img decoding=\"async\" fetchpriority=\"high\" class='wp-image-5242 avia-img-lazy-loading-not-5242 avia_image ' src=\"https:\/\/eu.unitedorthopedic.com\/wp\/wp-content\/uploads\/2021\/01\/ch.unitedorthopedic.com-qr.png\" alt='' title='Ch.unitedorthopedic.com Qr'  height=\"150\" width=\"150\"  itemprop=\"thumbnailUrl\" srcset=\"https:\/\/eu.unitedorthopedic.com\/wp\/wp-content\/uploads\/2021\/01\/ch.unitedorthopedic.com-qr.png 150w, https:\/\/eu.unitedorthopedic.com\/wp\/wp-content\/uploads\/2021\/01\/ch.unitedorthopedic.com-qr-80x80.png 80w, https:\/\/eu.unitedorthopedic.com\/wp\/wp-content\/uploads\/2021\/01\/ch.unitedorthopedic.com-qr-36x36.png 36w\" sizes=\"(max-width: 150px) 100vw, 150px\" \/><\/div><\/div><\/div><br \/>\n\n<style type=\"text\/css\" data-created_by=\"avia_inline_auto\" id=\"style-css-av-2k722q-1b520c8807031e038a631f590fdf4a83\">\n#top .hr.hr-invisible.av-2k722q-1b520c8807031e038a631f590fdf4a83{\nheight:8px;\n}\n<\/style>\n<div  class='hr av-2k722q-1b520c8807031e038a631f590fdf4a83 hr-invisible  avia-builder-el-11  el_after_av_image  avia-builder-el-last '><span class='hr-inner '><span class=\"hr-inner-style\"><\/span><\/span><\/div><\/p><\/div>\n<style type=\"text\/css\" data-created_by=\"avia_inline_auto\" id=\"style-css-av-2dptgy-9e88d814e0959b2a5c5bfcf9ed385c94\">\n#top .flex_column_table.av-equal-height-column-flextable.av-2dptgy-9e88d814e0959b2a5c5bfcf9ed385c94{\nmargin-top:-200px;\nmargin-bottom:0px;\n}\n.flex_column.av-2dptgy-9e88d814e0959b2a5c5bfcf9ed385c94{\nborder-radius:0px 0px 0px 0px;\npadding:40px 40px 40px 40px;\n}\n<\/style>\n<div  class='flex_column av-2dptgy-9e88d814e0959b2a5c5bfcf9ed385c94 av_one_third  avia-builder-el-12  el_after_av_one_third  el_before_av_one_half  no_margin av-break-at-tablet flex_column_table_cell av-equal-height-column av-align-top  '     ><\/div><\/div><!--close column table wrapper. Autoclose: 1 -->\n<style type=\"text\/css\" data-created_by=\"avia_inline_auto\" id=\"style-css-av-2aeuai-46fa6494644ccc188b06a35a9fcc6403\">\n.flex_column.av-2aeuai-46fa6494644ccc188b06a35a9fcc6403{\nborder-radius:0px 0px 0px 0px;\npadding:0px 0px 0px 0px;\n}\n<\/style>\n<div  class='flex_column av-2aeuai-46fa6494644ccc188b06a35a9fcc6403 av_one_half  avia-builder-el-13  el_after_av_one_third  el_before_av_one_half  first av-break-at-tablet flex_column_div av-animated-generic bottom-to-top av-zero-column-padding  column-top-margin'     ><p>\n<style type=\"text\/css\" data-created_by=\"avia_inline_auto\" id=\"style-css-av-6arnu0-0611c729c2de0a7259a6f3d2d5976e8c\">\n#top .av-special-heading.av-6arnu0-0611c729c2de0a7259a6f3d2d5976e8c{\npadding-bottom:20px;\nfont-size:34px;\n}\nbody .av-special-heading.av-6arnu0-0611c729c2de0a7259a6f3d2d5976e8c .av-special-heading-tag .heading-char{\nfont-size:25px;\n}\n#top #wrap_all .av-special-heading.av-6arnu0-0611c729c2de0a7259a6f3d2d5976e8c .av-special-heading-tag{\nfont-size:34px;\n}\n.av-special-heading.av-6arnu0-0611c729c2de0a7259a6f3d2d5976e8c .av-subheading{\nfont-size:15px;\n}\n\n@media only screen and (min-width: 480px) and (max-width: 767px){ \n#top #wrap_all .av-special-heading.av-6arnu0-0611c729c2de0a7259a6f3d2d5976e8c .av-special-heading-tag{\nfont-size:0.8em;\n}\n}\n\n@media only screen and (max-width: 479px){ \n#top #wrap_all .av-special-heading.av-6arnu0-0611c729c2de0a7259a6f3d2d5976e8c .av-special-heading-tag{\nfont-size:0.8em;\n}\n}\n<\/style>\n<div  class='av-special-heading av-6arnu0-0611c729c2de0a7259a6f3d2d5976e8c av-special-heading-h3 blockquote modern-quote  avia-builder-el-14  el_before_av_codeblock  avia-builder-el-first  av-inherit-size'><div class='av-subheading av-subheading_above'><p>Rellene el formulario<\/p>\n<\/div><h3 class='av-special-heading-tag'  itemprop=\"headline\"  >Para solicitar informaci\u00f3n<\/h3><div class=\"special-heading-border\"><div class=\"special-heading-inner-border\"><\/div><\/div><\/div><br \/>\n<\/p><\/div>\n<style type=\"text\/css\" data-created_by=\"avia_inline_auto\" id=\"style-css-av-2rmdu-b9ce2e2d9c7b5c0b9f4b972ea041965a\">\n.flex_column.av-2rmdu-b9ce2e2d9c7b5c0b9f4b972ea041965a{\nborder-radius:0px 0px 0px 0px;\npadding:0px 0px 0px 0px;\n}\n<\/style>\n<div  class='flex_column av-2rmdu-b9ce2e2d9c7b5c0b9f4b972ea041965a av_one_half  avia-builder-el-16  el_after_av_one_half  avia-builder-el-last  trs-zindex-0 av-break-at-tablet flex_column_div av-animated-generic bottom-to-top av-zero-column-padding  column-top-margin'     ><p>\n<style type=\"text\/css\" data-created_by=\"avia_inline_auto\" id=\"style-css-av-47d42g-643ef525724cec43e15f9f833f4530ff\">\n#top .av-special-heading.av-47d42g-643ef525724cec43e15f9f833f4530ff{\npadding-bottom:20px;\nfont-size:34px;\n}\nbody .av-special-heading.av-47d42g-643ef525724cec43e15f9f833f4530ff .av-special-heading-tag .heading-char{\nfont-size:25px;\n}\n#top #wrap_all .av-special-heading.av-47d42g-643ef525724cec43e15f9f833f4530ff .av-special-heading-tag{\nfont-size:34px;\n}\n.av-special-heading.av-47d42g-643ef525724cec43e15f9f833f4530ff .av-subheading{\nfont-size:15px;\n}\n\n@media only screen and (min-width: 480px) and (max-width: 767px){ \n#top #wrap_all .av-special-heading.av-47d42g-643ef525724cec43e15f9f833f4530ff .av-special-heading-tag{\nfont-size:0.8em;\n}\n}\n\n@media only screen and (max-width: 479px){ \n#top #wrap_all .av-special-heading.av-47d42g-643ef525724cec43e15f9f833f4530ff .av-special-heading-tag{\nfont-size:0.8em;\n}\n}\n<\/style>\n<div  class='av-special-heading av-47d42g-643ef525724cec43e15f9f833f4530ff av-special-heading-h3 blockquote modern-quote  avia-builder-el-17  el_before_av_textblock  avia-builder-el-first  av-inherit-size'><div class='av-subheading av-subheading_above'><p>UOC Europe<\/p>\n<\/div><h3 class='av-special-heading-tag'  itemprop=\"headline\"  >Nuestros datos<\/h3><div class=\"special-heading-border\"><div class=\"special-heading-inner-border\"><\/div><\/div><\/div><br \/>\n<section  class='av_textblock_section av-hrf96-67454c9d259db42a6f57de8389dde0f2 '   itemscope=\"itemscope\" itemtype=\"https:\/\/schema.org\/CreativeWork\" ><div class='avia_textblock'  itemprop=\"text\" ><div class=\"trs-footer-address\">\n<div class=\"iconbox_icon heading-color \" style=\"color: #4cac87; text-align: center;\" aria-hidden=\"true\" data-av_icon=\"\ue842\" data-av_iconfont=\"entypo-fontello\"><\/div>\n<p style=\"margin-left: 32px; margin-bottom: 0;\"><strong>United Orthopedic Corporation<br \/>\n<\/strong>Y-Parc \u2013 Swiss Technopole<br \/>\nAvenue des Sciences 15<br \/>\n1400 Yverdon<br \/>\nSwitzerland<\/p>\n<\/div>\n<div class=\"iconbox_icon heading-color \" style=\"color: #4cac87;\" aria-hidden=\"true\" data-av_icon=\"\ue854\" data-av_iconfont=\"entypo-fontello\"><\/div>\n<p style=\"margin-top: 0;\"><a href=\"tel:+41 21 634 70 70\">+41 21 634 70 70<\/a><\/p>\n<div class=\"iconbox_icon heading-color \" style=\"color: #4cac87;\" aria-hidden=\"true\" data-av_icon=\"\ue805\" data-av_iconfont=\"entypo-fontello\"><\/div>\n<p><a href=\"mailto:ch.service@unitedorthopedic.com\">ch.service@unitedorthopedic.com<\/a><\/p>\n<\/div><\/section><br \/>\n\n<style type=\"text\/css\" data-created_by=\"avia_inline_auto\" id=\"style-css-av-1u9754-adbe70ef6ce98afd90a86bf4b3b70f95\">\n#top .av-special-heading.av-1u9754-adbe70ef6ce98afd90a86bf4b3b70f95{\npadding-bottom:20px;\nfont-size:34px;\n}\nbody .av-special-heading.av-1u9754-adbe70ef6ce98afd90a86bf4b3b70f95 .av-special-heading-tag .heading-char{\nfont-size:25px;\n}\n#top #wrap_all .av-special-heading.av-1u9754-adbe70ef6ce98afd90a86bf4b3b70f95 .av-special-heading-tag{\nfont-size:34px;\n}\n.av-special-heading.av-1u9754-adbe70ef6ce98afd90a86bf4b3b70f95 .av-subheading{\nfont-size:15px;\n}\n\n@media only screen and (min-width: 480px) and (max-width: 767px){ \n#top #wrap_all .av-special-heading.av-1u9754-adbe70ef6ce98afd90a86bf4b3b70f95 .av-special-heading-tag{\nfont-size:0.8em;\n}\n}\n\n@media only screen and (max-width: 479px){ \n#top #wrap_all .av-special-heading.av-1u9754-adbe70ef6ce98afd90a86bf4b3b70f95 .av-special-heading-tag{\nfont-size:0.8em;\n}\n}\n<\/style>\n<div  class='av-special-heading av-1u9754-adbe70ef6ce98afd90a86bf4b3b70f95 av-special-heading-h3 blockquote modern-quote  avia-builder-el-19  el_after_av_textblock  el_before_av_partner  av-inherit-size'><div class='av-subheading av-subheading_above'><p>UOC Europe<\/p>\n<\/div><h3 class='av-special-heading-tag'  itemprop=\"headline\"  >Nuestros socios<\/h3><div class=\"special-heading-border\"><div class=\"special-heading-inner-border\"><\/div><\/div><\/div><br \/>\n\n<style type=\"text\/css\" data-created_by=\"avia_inline_auto\" id=\"style-css-av-av_partner-ef5ec86e738573994986f7e24ba0af2b\">\n.avia-logo-element-container.av-av_partner-ef5ec86e738573994986f7e24ba0af2b .av-partner-fake-img{\nbackground-size:cover;\n}\n<\/style>\n<div  class='avia-logo-element-container av-av_partner-ef5ec86e738573994986f7e24ba0af2b avia-logo-slider avia-content-slider avia-smallarrow-slider avia-content-slider-active noHover avia-content-slider-odd  avia-builder-el-20  el_after_av_heading  avia-builder-el-last  trs-footer-partner av-slideshow-ui av-control-default av-nav-arrows-visible av-nav-dots-visible av-no-slider-navigation av-slideshow-manual av-loop-once av-loop-manual-endless avia-content-slider1' data-slideshow-options=\"{&quot;animation&quot;:&quot;slide&quot;,&quot;autoplay&quot;:false,&quot;loop_autoplay&quot;:&quot;once&quot;,&quot;interval&quot;:5,&quot;loop_manual&quot;:&quot;manual-endless&quot;,&quot;autoplay_stopper&quot;:false,&quot;noNavigation&quot;:false,&quot;bg_slider&quot;:false,&quot;keep_padding&quot;:&quot;&quot;,&quot;hoverpause&quot;:false,&quot;show_slide_delay&quot;:0}\"><div class='avia-smallarrow-slider-heading  no-logo-slider-heading '><div class='new-special-heading'>&nbsp;<\/div><div class='avia-slideshow-arrows avia-slideshow-controls' ><a href='#prev' class='prev-slide ' aria-hidden='true' data-av_icon='\ue87c' data-av_iconfont='entypo-fontello'  tabindex='-1'>Anterior<\/a><a href='#next' class='next-slide ' aria-hidden='true' data-av_icon='\ue87d' data-av_iconfont='entypo-fontello'  tabindex='-1'>Posterior<\/a><\/div><\/div><div class=\"avia-content-slider-inner\"><div class=\"slide-entry-wrap\"><div data-avia-tooltip=\"Pixee\" class='slide-entry av-av_partner_logo-4a96e123d3549882c5b20275c6cbe2ed flex_column no_margin av_fullwidth real-thumbnail post-entry slide-entry-overview slide-loop-1 slide-parity-odd  first'><a href=\"https:\/\/www.pixee-medical.com\/\" data-rel='slide-1' class='slide-image' title='' target=\"_blank\" rel=\"noopener noreferrer\"><span class='av-partner-fake-img' style='padding-bottom:66.666666666667%; background-image:url(https:\/\/eu.unitedorthopedic.com\/wp\/wp-content\/uploads\/2024\/04\/pixee-medical-logo-footer.jpg);'><\/span><\/a><\/div><\/div><div class=\"slide-entry-wrap\"><div data-avia-tooltip=\"Orthokey\" class='slide-entry av-av_partner_logo-6167c1b674c07cb529d8c7bff0209e1e flex_column no_margin av_fullwidth real-thumbnail post-entry slide-entry-overview slide-loop-2 slide-parity-odd  first'><a href=\"https:\/\/www.spentys.com\/\" data-rel='slide-1' class='slide-image' title='' target=\"_blank\" rel=\"noopener noreferrer\"><span class='av-partner-fake-img' style='padding-bottom:66.666666666667%; background-image:url(https:\/\/eu.unitedorthopedic.com\/wp\/wp-content\/uploads\/2024\/04\/orthokey-logo-footer-1.png);'><\/span><\/a><\/div><\/div><div class=\"slide-entry-wrap\"><div data-avia-tooltip=\"Clinique volta\" class='slide-entry av-av_partner_logo-a63ca8b86980e2b16c91eda463ff28cc flex_column no_margin av_fullwidth real-thumbnail post-entry slide-entry-overview slide-loop-3 slide-parity-odd  first'><a href=\"https:\/\/alsanza.com\/\" data-rel='slide-1' class='slide-image' title='' target=\"_blank\" rel=\"noopener noreferrer\"><span class='av-partner-fake-img' style='padding-bottom:66.666666666667%; background-image:url(https:\/\/eu.unitedorthopedic.com\/wp\/wp-content\/uploads\/2020\/08\/cliniquevoltalogo.png);'><\/span><\/a><\/div><\/div><div class=\"slide-entry-wrap\"><div data-avia-tooltip=\"Swiss Medtech\" class='slide-entry av-av_partner_logo-8e1548b4e216fa26cef79882c5049c2d flex_column no_margin av_fullwidth real-thumbnail post-entry slide-entry-overview slide-loop-4 slide-parity-odd post-entry-last first'><a href=\"https:\/\/www.biotechni.com\/\" data-rel='slide-1' class='slide-image' title='' target=\"_blank\" rel=\"noopener noreferrer\"><span class='av-partner-fake-img' style='padding-bottom:66.666666666667%; background-image:url(https:\/\/eu.unitedorthopedic.com\/wp\/wp-content\/uploads\/2020\/08\/Logo-SM-Member_weiss2.jpg);'><\/span><\/a><\/div><\/div><\/div><\/div><\/p><\/div><\/div><\/div><\/div><!-- close content main div --><\/div><\/div><div id='after_section_1'  class='main_color av_default_container_wrap container_wrap sidebar_right'  ><div class='container av-section-cont-open' ><div class='template-page content  av-content-small alpha units'><div class='post-entry post-entry-type-page post-entry-3816'><div class='entry-content-wrapper clearfix'>\n","protected":false},"excerpt":{"rendered":"","protected":false},"author":1,"featured_media":0,"parent":0,"menu_order":0,"comment_status":"closed","ping_status":"closed","template":"","meta":{"_acf_changed":false,"footnotes":""},"acf":[],"yoast_head":"<!-- This site is optimized with the Yoast SEO plugin v22.6 - https:\/\/yoast.com\/wordpress\/plugins\/seo\/ -->\n<title>Contacto - United Orthopaedic Corporation Suiza | UOC Suiza<\/title>\n<meta name=\"description\" content=\"Aqu\u00ed encontrar\u00e1 toda la informaci\u00f3n que necesita para ponerse en contacto con United Orthopedic Corporation Switzerland.\" \/>\n<meta name=\"robots\" content=\"index, follow, max-snippet:-1, max-image-preview:large, max-video-preview:-1\" \/>\n<link rel=\"canonical\" href=\"https:\/\/eu.unitedorthopedic.com\/es\/contacto\/\" \/>\n<meta property=\"og:locale\" content=\"es_ES\" \/>\n<meta property=\"og:type\" content=\"article\" \/>\n<meta property=\"og:title\" content=\"Contacto - United Orthopaedic Corporation Suiza | UOC Suiza\" \/>\n<meta property=\"og:description\" content=\"Aqu\u00ed encontrar\u00e1 toda la informaci\u00f3n que necesita para ponerse en contacto con United Orthopedic Corporation Switzerland.\" \/>\n<meta property=\"og:url\" content=\"https:\/\/eu.unitedorthopedic.com\/es\/contacto\/\" \/>\n<meta property=\"og:site_name\" content=\"UOC Europe\" \/>\n<meta property=\"article:modified_time\" content=\"2024-06-04T14:27:26+00:00\" \/>\n<meta name=\"twitter:card\" content=\"summary_large_image\" \/>\n<meta name=\"twitter:label1\" content=\"Est. reading time\" \/>\n\t<meta name=\"twitter:data1\" content=\"1 minute\" \/>\n<script type=\"application\/ld+json\" class=\"yoast-schema-graph\">{\"@context\":\"https:\/\/schema.org\",\"@graph\":[{\"@type\":\"WebPage\",\"@id\":\"https:\/\/eu.unitedorthopedic.com\/es\/contacto\/\",\"url\":\"https:\/\/eu.unitedorthopedic.com\/es\/contacto\/\",\"name\":\"Contacto - United Orthopaedic Corporation Suiza | UOC Suiza\",\"isPartOf\":{\"@id\":\"https:\/\/eu.unitedorthopedic.com\/es\/#website\"},\"datePublished\":\"2020-10-09T14:49:10+00:00\",\"dateModified\":\"2024-06-04T14:27:26+00:00\",\"description\":\"Aqu\u00ed encontrar\u00e1 toda la informaci\u00f3n que necesita para ponerse en contacto con United Orthopedic Corporation Switzerland.\",\"breadcrumb\":{\"@id\":\"https:\/\/eu.unitedorthopedic.com\/es\/contacto\/#breadcrumb\"},\"inLanguage\":\"es-ES\",\"potentialAction\":[{\"@type\":\"ReadAction\",\"target\":[\"https:\/\/eu.unitedorthopedic.com\/es\/contacto\/\"]}]},{\"@type\":\"BreadcrumbList\",\"@id\":\"https:\/\/eu.unitedorthopedic.com\/es\/contacto\/#breadcrumb\",\"itemListElement\":[{\"@type\":\"ListItem\",\"position\":1,\"name\":\"Home\",\"item\":\"https:\/\/eu.unitedorthopedic.com\/es\/inicio-2\/\"},{\"@type\":\"ListItem\",\"position\":2,\"name\":\"Contacto\"}]},{\"@type\":\"WebSite\",\"@id\":\"https:\/\/eu.unitedorthopedic.com\/es\/#website\",\"url\":\"https:\/\/eu.unitedorthopedic.com\/es\/\",\"name\":\"UOC Europe\",\"description\":\"UOC United Orthopedic Corporation Europe\",\"potentialAction\":[{\"@type\":\"SearchAction\",\"target\":{\"@type\":\"EntryPoint\",\"urlTemplate\":\"https:\/\/eu.unitedorthopedic.com\/es\/?s={search_term_string}\"},\"query-input\":\"required name=search_term_string\"}],\"inLanguage\":\"es-ES\"}]}<\/script>\n<!-- \/ Yoast SEO plugin. -->","yoast_head_json":{"title":"Contacto - United Orthopaedic Corporation Suiza | UOC Suiza","description":"Aqu\u00ed encontrar\u00e1 toda la informaci\u00f3n que necesita para ponerse en contacto con United Orthopedic Corporation Switzerland.","robots":{"index":"index","follow":"follow","max-snippet":"max-snippet:-1","max-image-preview":"max-image-preview:large","max-video-preview":"max-video-preview:-1"},"canonical":"https:\/\/eu.unitedorthopedic.com\/es\/contacto\/","og_locale":"es_ES","og_type":"article","og_title":"Contacto - United Orthopaedic Corporation Suiza | UOC Suiza","og_description":"Aqu\u00ed encontrar\u00e1 toda la informaci\u00f3n que necesita para ponerse en contacto con United Orthopedic Corporation Switzerland.","og_url":"https:\/\/eu.unitedorthopedic.com\/es\/contacto\/","og_site_name":"UOC Europe","article_modified_time":"2024-06-04T14:27:26+00:00","twitter_card":"summary_large_image","twitter_misc":{"Est. reading time":"1 minute"},"schema":{"@context":"https:\/\/schema.org","@graph":[{"@type":"WebPage","@id":"https:\/\/eu.unitedorthopedic.com\/es\/contacto\/","url":"https:\/\/eu.unitedorthopedic.com\/es\/contacto\/","name":"Contacto - United Orthopaedic Corporation Suiza | UOC Suiza","isPartOf":{"@id":"https:\/\/eu.unitedorthopedic.com\/es\/#website"},"datePublished":"2020-10-09T14:49:10+00:00","dateModified":"2024-06-04T14:27:26+00:00","description":"Aqu\u00ed encontrar\u00e1 toda la informaci\u00f3n que necesita para ponerse en contacto con United Orthopedic Corporation Switzerland.","breadcrumb":{"@id":"https:\/\/eu.unitedorthopedic.com\/es\/contacto\/#breadcrumb"},"inLanguage":"es-ES","potentialAction":[{"@type":"ReadAction","target":["https:\/\/eu.unitedorthopedic.com\/es\/contacto\/"]}]},{"@type":"BreadcrumbList","@id":"https:\/\/eu.unitedorthopedic.com\/es\/contacto\/#breadcrumb","itemListElement":[{"@type":"ListItem","position":1,"name":"Home","item":"https:\/\/eu.unitedorthopedic.com\/es\/inicio-2\/"},{"@type":"ListItem","position":2,"name":"Contacto"}]},{"@type":"WebSite","@id":"https:\/\/eu.unitedorthopedic.com\/es\/#website","url":"https:\/\/eu.unitedorthopedic.com\/es\/","name":"UOC Europe","description":"UOC United Orthopedic Corporation Europe","potentialAction":[{"@type":"SearchAction","target":{"@type":"EntryPoint","urlTemplate":"https:\/\/eu.unitedorthopedic.com\/es\/?s={search_term_string}"},"query-input":"required name=search_term_string"}],"inLanguage":"es-ES"}]}},"publishpress_future_action":{"enabled":false,"date":"2026-04-14 18:07:32","action":"change-status","newStatus":"draft","terms":[],"taxonomy":"translation_priority"},"_links":{"self":[{"href":"https:\/\/eu.unitedorthopedic.com\/es\/wp-json\/wp\/v2\/pages\/3816"}],"collection":[{"href":"https:\/\/eu.unitedorthopedic.com\/es\/wp-json\/wp\/v2\/pages"}],"about":[{"href":"https:\/\/eu.unitedorthopedic.com\/es\/wp-json\/wp\/v2\/types\/page"}],"author":[{"embeddable":true,"href":"https:\/\/eu.unitedorthopedic.com\/es\/wp-json\/wp\/v2\/users\/1"}],"replies":[{"embeddable":true,"href":"https:\/\/eu.unitedorthopedic.com\/es\/wp-json\/wp\/v2\/comments?post=3816"}],"version-history":[{"count":3,"href":"https:\/\/eu.unitedorthopedic.com\/es\/wp-json\/wp\/v2\/pages\/3816\/revisions"}],"predecessor-version":[{"id":7252,"href":"https:\/\/eu.unitedorthopedic.com\/es\/wp-json\/wp\/v2\/pages\/3816\/revisions\/7252"}],"wp:attachment":[{"href":"https:\/\/eu.unitedorthopedic.com\/es\/wp-json\/wp\/v2\/media?parent=3816"}],"curies":[{"name":"wp","href":"https:\/\/api.w.org\/{rel}","templated":true}]}}